{"id":29,"date":"2025-03-28T12:42:39","date_gmt":"2025-03-28T09:42:39","guid":{"rendered":"https:\/\/qqavtojol.uz\/?page_id=29"},"modified":"2025-10-16T06:38:20","modified_gmt":"2025-10-16T03:38:20","slug":"administraciya","status":"publish","type":"page","link":"https:\/\/qqavtojol.uz\/qq\/administraciya","title":{"rendered":"Administraciya"},"content":{"rendered":"<p><\/p>\n<table style=\"height: 97px; width: 67.1482%; border-collapse: collapse;\" border=\"1\" cellspacing=\"1\" cellpadding=\"1\">\n<tbody>\n<tr style=\"height: 77px;\">\n<td style=\"width: 36.8597%; height: 97px;\" rowspan=\"3\"><span style=\"font-size: 14pt;\"><img loading=\"lazy\" decoding=\"async\" class=\"alignnone wp-image-925 aligncenter\" src=\"https:\/\/qqavtojol.uz\/wp-content\/uploads\/2025\/09\/photo_2025-09-06_11-10-15-238x300.jpg\" alt=\"\" width=\"297\" height=\"374\" srcset=\"https:\/\/qqavtojol.uz\/wp-content\/uploads\/2025\/09\/photo_2025-09-06_11-10-15-238x300.jpg 238w, https:\/\/qqavtojol.uz\/wp-content\/uploads\/2025\/09\/photo_2025-09-06_11-10-15-814x1024.jpg 814w, https:\/\/qqavtojol.uz\/wp-content\/uploads\/2025\/09\/photo_2025-09-06_11-10-15-768x967.jpg 768w, https:\/\/qqavtojol.uz\/wp-content\/uploads\/2025\/09\/photo_2025-09-06_11-10-15.jpg 1017w\" sizes=\"auto, (max-width: 297px) 100vw, 297px\" \/><\/span><\/p>\n<p style=\"text-align: center;\" data-elementor-setting-key=\"title\" data-pen-placeholder=\"Type Here...\"><span style=\"font-size: 14pt;\">Matnazarov Umrbek Sheribbaevich<\/span><\/p>\n<\/td>\n<td style=\"width: 63.0289%; height: 77px; text-align: center;\" colspan=\"2\"><span style=\"font-size: 14pt;\">Basqarma basl\u0131\u01f5\u0131<\/span><\/td>\n<\/tr>\n<tr style=\"height: 37px;\">\n<td style=\"width: 13.363%; height: 10px; text-align: center;\"><span style=\"font-size: 14pt;\">Telefon<\/span><\/td>\n<td style=\"width: 49.6659%; height: 10px;\"><span style=\"font-size: 14pt;\">+99861 225 12 75<\/span><\/td>\n<\/tr>\n<tr style=\"height: 10px;\">\n<td style=\"width: 13.363%; height: 10px; text-align: center;\"><span style=\"font-size: 14pt;\">Qab\u0131llaw k\u00fanleri<\/span><\/td>\n<td style=\"width: 49.6659%; height: 10px;\"><span style=\"font-size: 14pt;\">H\u00e1r juma: 15:00 \u2014 17:00<\/span><\/td>\n<\/tr>\n<\/tbody>\n<\/table>\n<p>&nbsp;<\/p>\n<table style=\"height: 462px; width: 66.6458%; border-collapse: collapse;\" border=\"1\" cellspacing=\"1\" cellpadding=\"1\">\n<tbody>\n<tr style=\"height: 77px;\">\n<td style=\"width: 35.9629%; height: 339px;\" rowspan=\"3\"><span style=\"font-size: 14pt;\"><img loading=\"lazy\" decoding=\"async\" class=\"alignnone wp-image-115 aligncenter\" src=\"https:\/\/qqavtojol.uz\/wp-content\/uploads\/2025\/06\/bas3-200x300.jpg\" alt=\"\" width=\"251\" height=\"376\" srcset=\"https:\/\/qqavtojol.uz\/wp-content\/uploads\/2025\/06\/bas3-200x300.jpg 200w, https:\/\/qqavtojol.uz\/wp-content\/uploads\/2025\/06\/bas3-683x1024.jpg 683w, https:\/\/qqavtojol.uz\/wp-content\/uploads\/2025\/06\/bas3-768x1152.jpg 768w, https:\/\/qqavtojol.uz\/wp-content\/uploads\/2025\/06\/bas3.jpg 1024w\" sizes=\"auto, (max-width: 251px) 100vw, 251px\" \/><\/span><\/p>\n<p style=\"text-align: center;\" data-elementor-setting-key=\"title\" data-pen-placeholder=\"Type Here...\"><span style=\"font-size: 14pt;\">Ernazarov Yusup Qurbanbaevich<\/span><\/p>\n<\/td>\n<td style=\"width: 64.9388%; height: 319px; text-align: center;\" colspan=\"2\"><span style=\"font-size: 14pt;\">Bas injener<\/span><\/td>\n<\/tr>\n<tr style=\"height: 37px;\">\n<td style=\"width: 14.056%; height: 10px; text-align: center;\"><span style=\"font-size: 14pt;\">Telefon<\/span><\/td>\n<td style=\"width: 50.8828%; height: 10px;\"><span style=\"font-size: 14pt;\">+99861 225 12 60<\/span><\/p>\n<p><span style=\"font-size: 14pt;\">+99861 225 12 75<\/span><\/td>\n<\/tr>\n<tr style=\"height: 10px;\">\n<td style=\"width: 14.056%; height: 10px; text-align: center;\"><span style=\"font-size: 14pt;\">Qab\u0131llaw k\u00fanleri<\/span><\/td>\n<td style=\"width: 50.8828%; height: 10px;\"><span style=\"font-size: 14pt;\">H\u00e1r piyshenbi: 15:00 \u2014 17:00<\/span><\/td>\n<\/tr>\n<\/tbody>\n<\/table>\n<p>&nbsp;<\/p>","protected":false},"excerpt":{"rendered":"<p>Matnazarov Umrbek Sheribbaevich Basqarma basl\u0131\u01f5\u0131 Telefon +99861 225 12 75 Qab\u0131llaw k\u00fanleri H\u00e1r juma: 15:00 \u2014 17:00 &nbsp; Ernazarov Yusup [&hellip;]<\/p>\n","protected":false},"author":1,"featured_media":0,"parent":0,"menu_order":0,"comment_status":"closed","ping_status":"closed","template":"","meta":{"footnotes":""},"class_list":["post-29","page","type-page","status-publish","hentry"],"_links":{"self":[{"href":"https:\/\/qqavtojol.uz\/qq\/wp-json\/wp\/v2\/pages\/29","targetHints":{"allow":["GET"]}}],"collection":[{"href":"https:\/\/qqavtojol.uz\/qq\/wp-json\/wp\/v2\/pages"}],"about":[{"href":"https:\/\/qqavtojol.uz\/qq\/wp-json\/wp\/v2\/types\/page"}],"author":[{"embeddable":true,"href":"https:\/\/qqavtojol.uz\/qq\/wp-json\/wp\/v2\/users\/1"}],"replies":[{"embeddable":true,"href":"https:\/\/qqavtojol.uz\/qq\/wp-json\/wp\/v2\/comments?post=29"}],"version-history":[{"count":13,"href":"https:\/\/qqavtojol.uz\/qq\/wp-json\/wp\/v2\/pages\/29\/revisions"}],"predecessor-version":[{"id":1104,"href":"https:\/\/qqavtojol.uz\/qq\/wp-json\/wp\/v2\/pages\/29\/revisions\/1104"}],"wp:attachment":[{"href":"https:\/\/qqavtojol.uz\/qq\/wp-json\/wp\/v2\/media?parent=29"}],"curies":[{"name":"wp","href":"https:\/\/api.w.org\/{rel}","templated":true}]}}