{"id":25,"date":"2025-03-28T12:41:40","date_gmt":"2025-03-28T09:41:40","guid":{"rendered":"https:\/\/qqavtojol.uz\/?page_id=25"},"modified":"2025-09-05T17:47:37","modified_gmt":"2025-09-05T14:47:37","slug":"normativ-hujjetler","status":"publish","type":"page","link":"https:\/\/qqavtojol.uz\/qq\/normativ-hujjetler","title":{"rendered":"Normativ h\u00fajjetler"},"content":{"rendered":"<p><\/p>\n<div>\n<div class=\"ACCEPTING_BODY lx_elem\">\n<p class=\"leading-8 font-normal\" data-pm-slice=\"1 1 []\"><strong><span style=\"font-size: 18pt;\">\u00d3zbekstan Respublikas\u0131 Prezidentini\u0144 &#8220;Jol xojal\u0131\u01f5\u0131 taraw\u0131n bunnan b\u0131lay da jetilistiriw ilajlar\u0131 haqq\u0131nda&#8221;\u01f5\u0131 2023-j\u0131l 10-oktyabrdegi PP-330-sanl\u0131 qarar\u0131.<\/span><\/strong><\/p>\n<\/div>\n<\/div>\n<div><strong><span style=\"font-size: 18pt;\"><a href=\"https:\/\/qqavtojol.uz\/wp-content\/uploads\/2025\/09\/pq-330-10.10.2023-1_compressed.pdf\">PQ-330 10.10.2023 (1)_compressed<\/a><\/span><\/strong><\/div>\n<div><\/div>\n<div class=\"ACCEPTING_BODY lx_elem\">\n<p class=\"leading-8 font-normal\" data-pm-slice=\"1 1 []\"><strong><span style=\"font-size: 18pt;\">\u00d3zbekstan Respublikas\u0131 Ministrler Kabinetini\u0144 2011-j\u0131l 26-dekabrdegi 342-sanl\u0131 &#8220;\u00d3zbekstan Respublikas\u0131 ayma\u01f5\u0131nda\u01f5\u0131 avtomobil jollar\u0131nda q\u00e1wipsizlikti t\u00e1miyinlew h\u00e1m sh\u00f3lkemlestiriw ilajlar\u0131 haqq\u0131nda&#8221;\u01f5\u0131 qarar\u0131.<\/span><\/strong><\/p>\n<\/div>\n<div><\/div>\n<div class=\"ACT_TITLE lx_elem\"><strong><span style=\"font-size: 18pt;\"><a href=\"https:\/\/qqavtojol.uz\/wp-content\/uploads\/2025\/09\/342-26.12.2011.pdf\">342 26.12.2011<\/a><\/span><\/strong><\/div>\n<p><\/p>","protected":false},"excerpt":{"rendered":"<p>\u00d3zbekstan Respublikas\u0131 Prezidentini\u0144 &#8220;Jol xojal\u0131\u01f5\u0131 taraw\u0131n bunnan b\u0131lay da jetilistiriw ilajlar\u0131 haqq\u0131nda&#8221;\u01f5\u0131 2023-j\u0131l 10-oktyabrdegi PP-330-sanl\u0131 qarar\u0131. PQ-330 10.10.2023 (1)_compressed \u00d3zbekstan [&hellip;]<\/p>\n","protected":false},"author":1,"featured_media":0,"parent":0,"menu_order":0,"comment_status":"closed","ping_status":"closed","template":"","meta":{"footnotes":""},"class_list":["post-25","page","type-page","status-publish","hentry"],"_links":{"self":[{"href":"https:\/\/qqavtojol.uz\/qq\/wp-json\/wp\/v2\/pages\/25","targetHints":{"allow":["GET"]}}],"collection":[{"href":"https:\/\/qqavtojol.uz\/qq\/wp-json\/wp\/v2\/pages"}],"about":[{"href":"https:\/\/qqavtojol.uz\/qq\/wp-json\/wp\/v2\/types\/page"}],"author":[{"embeddable":true,"href":"https:\/\/qqavtojol.uz\/qq\/wp-json\/wp\/v2\/users\/1"}],"replies":[{"embeddable":true,"href":"https:\/\/qqavtojol.uz\/qq\/wp-json\/wp\/v2\/comments?post=25"}],"version-history":[{"count":5,"href":"https:\/\/qqavtojol.uz\/qq\/wp-json\/wp\/v2\/pages\/25\/revisions"}],"predecessor-version":[{"id":895,"href":"https:\/\/qqavtojol.uz\/qq\/wp-json\/wp\/v2\/pages\/25\/revisions\/895"}],"wp:attachment":[{"href":"https:\/\/qqavtojol.uz\/qq\/wp-json\/wp\/v2\/media?parent=25"}],"curies":[{"name":"wp","href":"https:\/\/api.w.org\/{rel}","templated":true}]}}