{"id":23,"date":"2025-03-28T12:41:10","date_gmt":"2025-03-28T09:41:10","guid":{"rendered":"https:\/\/qqavtojol.uz\/?page_id=23"},"modified":"2025-09-05T15:29:32","modified_gmt":"2025-09-05T12:29:32","slug":"about","status":"publish","type":"page","link":"https:\/\/qqavtojol.uz\/qq\/about","title":{"rendered":"Bas basqarma tariyx\u0131"},"content":{"rendered":"<p><\/p>\n<p class=\"leading-8 font-normal\" data-pm-slice=\"1 1 []\"><span style=\"font-family: 'times new roman', times, serif; font-size: 14pt;\">\u00d3zbekstan Respublikas\u0131 Prezidentini\u0144 2017-j\u0131l 14-fevralda\u01f5\u0131 &#8220;Jol xojal\u0131\u01f5\u0131n basqar\u0131w sistemas\u0131n bunnan b\u0131lay da jetilistiriw ilajlar\u0131 haqq\u0131nda&#8221;\u01f5\u0131 PP-4954-sanl\u0131 P\u00e1rman\u0131na tiykarlan\u0131p tamamlan\u0131p at\u0131r\u01f5an Avtomobil jollar\u0131n qur\u0131w h\u00e1m paydalan\u0131w m\u00e1mleketlik-akcionerlik kompaniyas\u0131 (&#8220;\u00d3zavtojol&#8221; MAK) negizinde \u00d3zbekstan Respublikas\u0131 Avtomobil jollar\u0131 m\u00e1mleketlik komiteti sh\u00f3lkemlestirilgen.<\/span><\/p>\n<p class=\"leading-8 font-normal\" data-pm-slice=\"1 1 []\"><span style=\"font-family: 'times new roman', times, serif; font-size: 14pt;\">\u00d3zbekstan Respublikas\u0131 Prezidentini\u0144 2017-j\u0131l 14-fevralda\u01f5\u0131 &#8220;\u00d3zbekstan Respublikas\u0131 Avtomobil jollar\u0131 m\u00e1mleketlik komiteti h\u00e1m \u00d3zbekstan Respublikas\u0131 Ministrler Kabineti jan\u0131nda\u01f5\u0131 Respublikal\u0131q jol qor\u0131n\u0131\u0144 jum\u0131s\u0131n sh\u00f3lkemlestiriw haqq\u0131nda&#8221;\u01f5\u0131 PQ-2776-sanl\u0131 qarar\u0131na muwap\u0131q Qaraqalpaqstan Respublikas\u0131 avtomobil jollar\u0131 aymaql\u0131q bas basqarmas\u0131 (keyingi or\u0131nlarda &#8211; &#8220;Bas basqarma&#8221;) \u00d3zbekstan Respublikas\u0131 Avtomobil jollar\u0131 m\u00e1mleketlik komitetini\u0144 sh\u00f3lkemlestiriw strukturas\u0131na kirgizilgen bol\u0131p, \u00d3zbekstan Respublikas\u0131 Avtomobil jollar\u0131 m\u00e1mleketlik komitetini\u0144 (keyingi or\u0131nlarda &#8211; &#8220;sh\u00f3lkemlestiriwshi&#8221;) 2017-j\u0131l 29-martta\u01f5\u0131 06-sanl\u0131 buyr\u0131\u01f5\u0131na tiykar sh\u00f3lkemlestirilgen. <\/span><span style=\"font-family: 'times new roman', times, serif; font-size: 14pt;\">Us\u0131 N\u0131zam Bas basqarman\u0131\u0144 status\u0131, tiykar\u01f5\u0131 waz\u0131ypalar\u0131, funkciyalar\u0131, huq\u0131qlar\u0131 h\u00e1m jum\u0131s\u0131n\u0131\u0144 sh\u00f3lkemlestiriwshilik tiykarlar\u0131n belgileydi.<\/span><\/p>\n<p class=\"leading-8 font-normal\"><span style=\"font-family: 'times new roman', times, serif; font-size: 14pt;\">Bas basqarman\u0131\u0144 tol\u0131q at\u0131: <\/span><\/p>\n<p class=\"leading-8 font-normal\"><span style=\"font-family: 'times new roman', times, serif; font-size: 14pt;\">qaraqalpaq tilinde &#8211; Qaraqalpaqstan Respublikas\u0131 avtomobil jollar\u0131 aymaql\u0131q bas basqarmas\u0131 (q\u0131sqartpas\u0131 &#8211; Qaraqalpaqstan Respublikas\u0131 AJBB);<\/span><\/p>\n<p><span style=\"font-size: 14pt;\"><span style=\"font-family: 'times new roman', times, serif; font-size: 14pt;\">\u00f3zbek tilinde &#8211; <\/span>Qoraqalpog\u2018iston Respublikasi avtomobil o\u2018llari hududiy bosh boshqarmasi (qisqartmasi &#8211; Qoraqalpog\u2018iston Respublikasi AYHBB);<\/span><\/p>\n<p class=\"leading-8 font-normal\"><span style=\"font-family: 'times new roman', times, serif; font-size: 14pt;\">rus tilinde &#8211; \u0422\u0435\u0440\u0440\u0438\u0442\u043e\u0440\u0438\u0430\u043b\u044c\u043d\u043e\u0435 \u0433\u043b\u0430\u0432\u043d\u043e\u0435 \u0443\u043f\u0440\u0430\u0432\u043b\u0435\u043d\u0438\u0435 \u043f\u043e \u0430\u0432\u0442\u043e\u043c\u043e\u0431\u0438\u043b\u044c\u043d\u044b\u043c \u0434\u043e\u0440\u043e\u0433\u0430\u043c \u0420\u0435\u0441\u043f\u0443\u0431\u043b\u0438\u043a\u0438 \u041a\u0430\u0440\u0430\u043a\u0430\u043b\u043f\u0430\u043a\u0441\u0442\u0430\u043d (q\u0131sqartpas\u0131 \u2013 \u0422\u0413\u0423\u0410\u0414 \u0420\u0435\u0441\u043f\u0443\u0431\u043b\u0438\u043a\u0438 \u041a\u0430\u0440\u0430\u043a\u0430\u043b\u043f\u0430\u043a\u0441\u0442\u0430\u043d).<\/span><\/p>\n<p class=\"leading-8 font-normal\" data-pm-slice=\"1 1 []\"><span style=\"font-family: 'times new roman', times, serif; font-size: 14pt;\">Qaraqalpaqstan Respublikas\u0131 avtomobil jollar\u0131 aymaql\u0131q bas basqarmas\u0131 &#8211; &#8220;Qaraqalpaqavtojol&#8221; aymaql\u0131q jollardan paydalan\u0131w sh\u00f3lkemini\u0144 huq\u0131q\u0131y miyrasxor\u0131 esaplanad\u0131. <\/span><span style=\"font-family: 'times new roman', times, serif; font-size: 14pt;\">Bas basqarma \u00f3z jum\u0131s\u0131n \u00d3zbekstan Respublikas\u0131 Konstituciyas\u0131 h\u00e1m n\u0131zamlar\u0131na, \u00d3zbekstan Respublikas\u0131 Oliy Majlisi palatalar\u0131n\u0131\u0144 qararlar\u0131na, \u00d3zbekstan Respublikas\u0131 Prezidentini\u0144 p\u00e1rmanlar\u0131, qararlar\u0131 h\u00e1m biyliklerine, \u00d3zbekstan Respublikas\u0131 Ministrler Kabinetini\u0144 qararlar\u0131 h\u00e1m biyliklerine, Sh\u00f3lkemlestiriwshini\u0144 qararlar\u0131, biylikleri h\u00e1m buyr\u0131qlar\u0131na, us\u0131 Rejege j\u00e1ne taraw\u01f5a baylan\u0131sl\u0131 basqa da n\u0131zam h\u00fajjetlerine muwap\u0131q \u00e1melge as\u0131rad\u0131. Bas basqarma \u00f3z jum\u0131s\u0131n tol\u0131q xojal\u0131q esab\u0131 tiykar\u0131nda \u00e1melge as\u0131rad\u0131 h\u00e1m tikkeley Sh\u00f3lkemlestiriwshige boys\u0131nad\u0131.<\/span><\/p>\n<p class=\"leading-8 font-normal\" data-pm-slice=\"1 1 []\"><span style=\"font-family: 'times new roman', times, serif; font-size: 14pt;\">\u00d3zbekstan Respublikas\u0131 avtomobil jollar\u0131 m\u00e1mleketlik komiteti Bas basqarman\u0131\u0144 Sh\u00f3lkemlestiriwshisi esaplanad\u0131. <\/span><span style=\"font-family: 'times new roman', times, serif; font-size: 14pt;\">Bas basqarma \u00f3z waz\u0131ypalar\u0131 h\u00e1m funkciyalar\u0131n \u00e1melge as\u0131r\u0131wda m\u00e1mleketlik h\u00e1m xojal\u0131q basqar\u0131w uy\u0131mlar\u0131, jergilikli atqar\u0131wsh\u0131 h\u00e1kimiyat uy\u0131mlar\u0131 h\u00e1m basqa da sh\u00f3lkemler menen \u00f3z-ara birge islesedi.<\/span><\/p>\n<p class=\"leading-8 font-normal\"><span style=\"font-family: 'times new roman', times, serif; font-size: 14pt;\">Bas basqarma Qaraqalpaqstan Respublikas\u0131nda\u01f5\u0131 avtomobil jollar\u0131n m\u00e1mleket t\u00e1repinen basqaratu\u01f5\u0131n arnawl\u0131 w\u00e1killikli uy\u0131m bol\u0131p tab\u0131lad\u0131 h\u00e1m Qaraqalpaqstan ayma\u01f5\u0131nda\u01f5\u0131 avtomobil jollar\u0131 taraw\u0131nda Sh\u00f3lkemlestiriwshini\u0144 birden-bir texnika siyasat\u0131n al\u0131p barad\u0131.<\/span><\/p>\n<p class=\"leading-8 font-normal\" data-pm-slice=\"1 1 []\"><span style=\"font-family: 'times new roman', times, serif; font-size: 14pt;\">Bas basqarma quram\u0131na Qaraqalpaqstan Respublikas\u0131 ayma\u01f5\u0131nda jaylasqan rayonl\u0131q jollardan paydalan\u0131w unitar k\u00e1rxanalar\u0131, k\u00f3pirlerden paydalan\u0131w unitar k\u00e1rxanas\u0131, jollardan turaql\u0131 paydalan\u0131w unitar k\u00e1rxanalar\u0131, m\u00e1mleketlik unitar k\u00e1rxana t\u00farindegi Regionall\u0131q jollar\u01f5a buy\u0131rtpash\u0131 x\u0131zmeti, unitar k\u00e1rxana t\u00farindegi regionall\u0131q avtomobil jollar\u0131n o\u0144law boy\u0131nsha q\u00e1nigelestirilgen k\u00e1rxanalar h\u00e1m de Sh\u00f3lkemlestiriwshi t\u00e1repinen belgilengen t\u00e1rtipte ja\u0144adan sh\u00f3lkemlestiriletu\u01f5\u0131n k\u00e1rxana h\u00e1m sh\u00f3lkemler kiredi.<\/span><\/p>\n<p class=\"leading-8 font-normal\"><span style=\"font-family: 'times new roman', times, serif; font-size: 14pt;\">Bas basqarma quram\u0131na kiriwshi k\u00e1rxana h\u00e1m sh\u00f3lkemler \u00f3zlerini\u0144 xojal\u0131q biy\u01f5\u00e1rezligin h\u00e1m yuridikal\u0131q shaxs status\u0131n saqlap qalad\u0131.<\/span><\/p>\n<p><\/p>","protected":false},"excerpt":{"rendered":"<p>\u00d3zbekstan Respublikas\u0131 Prezidentini\u0144 2017-j\u0131l 14-fevralda\u01f5\u0131 &#8220;Jol xojal\u0131\u01f5\u0131n basqar\u0131w sistemas\u0131n bunnan b\u0131lay da jetilistiriw ilajlar\u0131 haqq\u0131nda&#8221;\u01f5\u0131 PP-4954-sanl\u0131 P\u00e1rman\u0131na tiykarlan\u0131p tamamlan\u0131p at\u0131r\u01f5an [&hellip;]<\/p>\n","protected":false},"author":1,"featured_media":0,"parent":0,"menu_order":0,"comment_status":"closed","ping_status":"closed","template":"","meta":{"footnotes":""},"class_list":["post-23","page","type-page","status-publish","hentry"],"_links":{"self":[{"href":"https:\/\/qqavtojol.uz\/qq\/wp-json\/wp\/v2\/pages\/23","targetHints":{"allow":["GET"]}}],"collection":[{"href":"https:\/\/qqavtojol.uz\/qq\/wp-json\/wp\/v2\/pages"}],"about":[{"href":"https:\/\/qqavtojol.uz\/qq\/wp-json\/wp\/v2\/types\/page"}],"author":[{"embeddable":true,"href":"https:\/\/qqavtojol.uz\/qq\/wp-json\/wp\/v2\/users\/1"}],"replies":[{"embeddable":true,"href":"https:\/\/qqavtojol.uz\/qq\/wp-json\/wp\/v2\/comments?post=23"}],"version-history":[{"count":4,"href":"https:\/\/qqavtojol.uz\/qq\/wp-json\/wp\/v2\/pages\/23\/revisions"}],"predecessor-version":[{"id":863,"href":"https:\/\/qqavtojol.uz\/qq\/wp-json\/wp\/v2\/pages\/23\/revisions\/863"}],"wp:attachment":[{"href":"https:\/\/qqavtojol.uz\/qq\/wp-json\/wp\/v2\/media?parent=23"}],"curies":[{"name":"wp","href":"https:\/\/api.w.org\/{rel}","templated":true}]}}