{"id":140,"date":"2025-06-12T10:35:19","date_gmt":"2025-06-12T07:35:19","guid":{"rendered":"https:\/\/qqavtojol.uz\/?page_id=140"},"modified":"2025-09-05T16:18:09","modified_gmt":"2025-09-05T13:18:09","slug":"texnik-qadagalaw-ham-orinlangan-jumislardi-qabil-qiliw-bolimi","status":"publish","type":"page","link":"https:\/\/qqavtojol.uz\/qq\/texnik-qadagalaw-ham-orinlangan-jumislardi-qabil-qiliw-bolimi","title":{"rendered":"Texnik qada\u0123alaw h\u00e1m or\u0131nlan\u0123an jum\u0131slard\u0131 qab\u0131l q\u0131l\u0131w b\u00f3limi"},"content":{"rendered":"<p><\/p>\n<table style=\"height: 388px; width: 44.8102%; border-collapse: collapse;\" border=\"1\" cellspacing=\"1\" cellpadding=\"1\">\n<tbody>\n<tr style=\"height: 77px;\">\n<td style=\"width: 17.7129%; height: 303px;\" rowspan=\"3\"><img loading=\"lazy\" decoding=\"async\" class=\"size-medium wp-image-859 aligncenter\" src=\"https:\/\/qqavtojol.uz\/wp-content\/uploads\/2025\/09\/photo_2025-01-18_18-27-58-225x300.jpg\" alt=\"\" width=\"225\" height=\"300\" srcset=\"https:\/\/qqavtojol.uz\/wp-content\/uploads\/2025\/09\/photo_2025-01-18_18-27-58-225x300.jpg 225w, https:\/\/qqavtojol.uz\/wp-content\/uploads\/2025\/09\/photo_2025-01-18_18-27-58-768x1024.jpg 768w, https:\/\/qqavtojol.uz\/wp-content\/uploads\/2025\/09\/photo_2025-01-18_18-27-58.jpg 900w\" sizes=\"auto, (max-width: 225px) 100vw, 225px\" \/><\/p>\n<p data-elementor-setting-key=\"title\" data-pen-placeholder=\"Type Here...\">Andirbaev Ajiniyaz Sad\u0131q ul\u0131<\/p>\n<\/td>\n<td style=\"width: 29.8322%; height: 283px; text-align: center;\" colspan=\"2\">Texnik qada\u0123alaw h\u00e1m or\u0131nlan\u0123an jum\u0131slard\u0131 qab\u0131l q\u0131l\u0131w b\u00f3limi basl\u0131\u01f5\u0131<\/td>\n<\/tr>\n<tr style=\"height: 37px;\">\n<td style=\"width: 29.2107%; height: 10px;\"><\/td>\n<td style=\"width: 0.621504%; height: 10px;\"><\/td>\n<\/tr>\n<tr style=\"height: 10px;\">\n<td style=\"width: 29.2107%; height: 10px;\"><\/td>\n<td style=\"width: 0.621504%; height: 10px;\"><\/td>\n<\/tr>\n<\/tbody>\n<\/table>\n<p><\/p>","protected":false},"excerpt":{"rendered":"<p>Andirbaev Ajiniyaz Sad\u0131q ul\u0131 Texnik qada\u0123alaw h\u00e1m or\u0131nlan\u0123an jum\u0131slard\u0131 qab\u0131l q\u0131l\u0131w b\u00f3limi basl\u0131\u01f5\u0131<\/p>\n","protected":false},"author":1,"featured_media":0,"parent":0,"menu_order":0,"comment_status":"closed","ping_status":"closed","template":"","meta":{"footnotes":""},"class_list":["post-140","page","type-page","status-publish","hentry"],"_links":{"self":[{"href":"https:\/\/qqavtojol.uz\/qq\/wp-json\/wp\/v2\/pages\/140","targetHints":{"allow":["GET"]}}],"collection":[{"href":"https:\/\/qqavtojol.uz\/qq\/wp-json\/wp\/v2\/pages"}],"about":[{"href":"https:\/\/qqavtojol.uz\/qq\/wp-json\/wp\/v2\/types\/page"}],"author":[{"embeddable":true,"href":"https:\/\/qqavtojol.uz\/qq\/wp-json\/wp\/v2\/users\/1"}],"replies":[{"embeddable":true,"href":"https:\/\/qqavtojol.uz\/qq\/wp-json\/wp\/v2\/comments?post=140"}],"version-history":[{"count":5,"href":"https:\/\/qqavtojol.uz\/qq\/wp-json\/wp\/v2\/pages\/140\/revisions"}],"predecessor-version":[{"id":874,"href":"https:\/\/qqavtojol.uz\/qq\/wp-json\/wp\/v2\/pages\/140\/revisions\/874"}],"wp:attachment":[{"href":"https:\/\/qqavtojol.uz\/qq\/wp-json\/wp\/v2\/media?parent=140"}],"curies":[{"name":"wp","href":"https:\/\/api.w.org\/{rel}","templated":true}]}}