{"id":138,"date":"2025-06-12T10:34:51","date_gmt":"2025-06-12T07:34:51","guid":{"rendered":"https:\/\/qqavtojol.uz\/?page_id=138"},"modified":"2025-09-05T16:04:10","modified_gmt":"2025-09-05T13:04:10","slug":"finans-ekonomika-buxgalteriya-esabi-ham-esabati-bolimi","status":"publish","type":"page","link":"https:\/\/qqavtojol.uz\/qq\/finans-ekonomika-buxgalteriya-esabi-ham-esabati-bolimi","title":{"rendered":"Finans-ekonomika buxgalteriya esab\u0131 h\u00e1m esabat\u0131 b\u00f3limi"},"content":{"rendered":"<p><\/p>\n<table style=\"height: 303px; width: 58.5807%; border-collapse: collapse;\" border=\"1\" cellspacing=\"1\" cellpadding=\"1\">\n<tbody>\n<tr style=\"height: 77px;\">\n<td style=\"width: 17.6684%; height: 303px;\" rowspan=\"3\"><img loading=\"lazy\" decoding=\"async\" class=\"size-medium wp-image-867 aligncenter\" style=\"text-align: center;\" src=\"https:\/\/qqavtojol.uz\/wp-content\/uploads\/2025\/09\/photo_2025-09-05_17-04-07-225x300.jpg\" alt=\"\" width=\"225\" height=\"300\" srcset=\"https:\/\/qqavtojol.uz\/wp-content\/uploads\/2025\/09\/photo_2025-09-05_17-04-07-225x300.jpg 225w, https:\/\/qqavtojol.uz\/wp-content\/uploads\/2025\/09\/photo_2025-09-05_17-04-07-768x1024.jpg 768w, https:\/\/qqavtojol.uz\/wp-content\/uploads\/2025\/09\/photo_2025-09-05_17-04-07.jpg 900w\" sizes=\"auto, (max-width: 225px) 100vw, 225px\" \/><\/p>\n<p class=\"leading-8 font-normal\" style=\"text-align: center;\" data-pm-slice=\"1 1 []\">Palekeev Zaripbay Jumanovich<\/p>\n<\/td>\n<td style=\"width: 29.9059%; height: 283px;\" colspan=\"2\">\n<p class=\"leading-8 font-normal\" style=\"text-align: center;\" data-pm-slice=\"1 1 []\">Finans-ekonomika, buxgalteriya esab\u0131 h\u00e1m esabat\u0131 sektor\u0131 basl\u0131\u01f5\u0131.<\/p>\n<p class=\"leading-8 font-normal\" style=\"text-align: center;\" data-pm-slice=\"1 1 []\">Bas esapsh\u0131<\/p>\n<\/td>\n<\/tr>\n<tr style=\"height: 37px;\">\n<td style=\"width: 29.1818%; height: 10px;\"><\/td>\n<td style=\"width: 0.724113%; height: 10px;\"><\/td>\n<\/tr>\n<tr style=\"height: 10px;\">\n<td style=\"width: 29.1818%; height: 10px;\"><\/td>\n<td style=\"width: 0.724113%; height: 10px;\"><\/td>\n<\/tr>\n<\/tbody>\n<\/table>\n<table style=\"height: 329px; width: 58.5708%; border-collapse: collapse;\" border=\"1\" cellspacing=\"1\" cellpadding=\"1\">\n<tbody>\n<tr style=\"height: 77px;\">\n<td style=\"width: 17.6178%; height: 329px;\" rowspan=\"3\"><img loading=\"lazy\" decoding=\"async\" class=\"size-full wp-image-869 aligncenter\" src=\"https:\/\/qqavtojol.uz\/wp-content\/uploads\/2025\/09\/f661fe81-dc2d-4d19-85cf-66872c42341a.png\" alt=\"\" width=\"212\" height=\"288\" \/><\/p>\n<p class=\"leading-8 font-normal\" style=\"text-align: center;\" data-pm-slice=\"1 1 []\">Toreniyazov Maxset Saparbaevich<\/p>\n<\/td>\n<td style=\"width: 30.275%; height: 283px; text-align: center;\" colspan=\"2\">\n<p class=\"leading-8 font-normal\" data-pm-slice=\"1 1 []\">Finans-ekonomika, buxgalteriyal\u0131q esap h\u00e1m esabat\u0131 sektor\u0131 bas q\u00e1nigesi.<\/p>\n<\/td>\n<\/tr>\n<tr style=\"height: 37px;\">\n<td style=\"width: 29.2323%; height: 36px;\"><\/td>\n<td style=\"width: 1.04275%; height: 36px;\"><\/td>\n<\/tr>\n<tr style=\"height: 10px;\">\n<td style=\"width: 29.2323%; height: 10px;\"><\/td>\n<td style=\"width: 1.04275%; height: 10px;\"><\/td>\n<\/tr>\n<\/tbody>\n<\/table>\n<table style=\"height: 384px; width: 58.3633%; border-collapse: collapse;\" border=\"1\" cellspacing=\"1\" cellpadding=\"1\">\n<tbody>\n<tr style=\"height: 77px;\">\n<td style=\"width: 18.133%; height: 339px;\" rowspan=\"3\"><img loading=\"lazy\" decoding=\"async\" class=\"size-medium wp-image-868 aligncenter\" src=\"https:\/\/qqavtojol.uz\/wp-content\/uploads\/2025\/09\/photo_2025-09-05_17-06-44-227x300.jpg\" alt=\"\" width=\"227\" height=\"300\" srcset=\"https:\/\/qqavtojol.uz\/wp-content\/uploads\/2025\/09\/photo_2025-09-05_17-06-44-227x300.jpg 227w, https:\/\/qqavtojol.uz\/wp-content\/uploads\/2025\/09\/photo_2025-09-05_17-06-44.jpg 353w\" sizes=\"auto, (max-width: 227px) 100vw, 227px\" \/><\/p>\n<p class=\"leading-8 font-normal\" style=\"text-align: center;\" data-pm-slice=\"1 1 []\">Mirzambetov Rashid Sharapatdinovich<\/p>\n<\/td>\n<td style=\"width: 30.644%; height: 319px;\" colspan=\"2\">\n<p class=\"leading-8 font-normal\" style=\"text-align: center;\" data-pm-slice=\"1 1 []\">Finans-ekonomika, buxgalteriyal\u0131q esap h\u00e1m esabat\u0131 sektor\u0131 bas q\u00e1nigesi.<\/p>\n<\/td>\n<\/tr>\n<tr style=\"height: 37px;\">\n<td style=\"width: 28.7172%; height: 10px;\"><\/td>\n<td style=\"width: 1.92678%; height: 10px;\"><\/td>\n<\/tr>\n<tr style=\"height: 10px;\">\n<td style=\"width: 28.7172%; height: 10px;\"><\/td>\n<td style=\"width: 1.92678%; height: 10px;\"><\/td>\n<\/tr>\n<\/tbody>\n<\/table>\n<p><\/p>","protected":false},"excerpt":{"rendered":"<p>Palekeev Zaripbay Jumanovich Finans-ekonomika, buxgalteriya esab\u0131 h\u00e1m esabat\u0131 sektor\u0131 basl\u0131\u01f5\u0131. Bas esapsh\u0131 Toreniyazov Maxset Saparbaevich Finans-ekonomika, buxgalteriyal\u0131q esap h\u00e1m esabat\u0131 [&hellip;]<\/p>\n","protected":false},"author":1,"featured_media":0,"parent":0,"menu_order":0,"comment_status":"closed","ping_status":"closed","template":"","meta":{"footnotes":""},"class_list":["post-138","page","type-page","status-publish","hentry"],"_links":{"self":[{"href":"https:\/\/qqavtojol.uz\/qq\/wp-json\/wp\/v2\/pages\/138","targetHints":{"allow":["GET"]}}],"collection":[{"href":"https:\/\/qqavtojol.uz\/qq\/wp-json\/wp\/v2\/pages"}],"about":[{"href":"https:\/\/qqavtojol.uz\/qq\/wp-json\/wp\/v2\/types\/page"}],"author":[{"embeddable":true,"href":"https:\/\/qqavtojol.uz\/qq\/wp-json\/wp\/v2\/users\/1"}],"replies":[{"embeddable":true,"href":"https:\/\/qqavtojol.uz\/qq\/wp-json\/wp\/v2\/comments?post=138"}],"version-history":[{"count":2,"href":"https:\/\/qqavtojol.uz\/qq\/wp-json\/wp\/v2\/pages\/138\/revisions"}],"predecessor-version":[{"id":870,"href":"https:\/\/qqavtojol.uz\/qq\/wp-json\/wp\/v2\/pages\/138\/revisions\/870"}],"wp:attachment":[{"href":"https:\/\/qqavtojol.uz\/qq\/wp-json\/wp\/v2\/media?parent=138"}],"curies":[{"name":"wp","href":"https:\/\/api.w.org\/{rel}","templated":true}]}}