{"id":136,"date":"2025-06-12T10:34:19","date_gmt":"2025-06-12T07:34:19","guid":{"rendered":"https:\/\/qqavtojol.uz\/?page_id=136"},"modified":"2025-09-05T16:57:52","modified_gmt":"2025-09-05T13:57:52","slug":"hareket-qawipsizligin-tamiynlew-bolimi","status":"publish","type":"page","link":"https:\/\/qqavtojol.uz\/qq\/hareket-qawipsizligin-tamiynlew-bolimi","title":{"rendered":"H\u00e1reket q\u00e1wipsizligin t\u00e1miynlew b\u00f3limi"},"content":{"rendered":"<p><\/p>\n<table style=\"height: 465px; width: 76.568%; border-collapse: collapse;\" border=\"1\" cellspacing=\"1\" cellpadding=\"1\">\n<tbody>\n<tr style=\"height: 77px;\">\n<td style=\"width: 21.5586%; height: 303px;\" rowspan=\"3\"><img loading=\"lazy\" decoding=\"async\" class=\"wp-image-881 aligncenter\" src=\"https:\/\/qqavtojol.uz\/wp-content\/uploads\/2025\/09\/photo_2025-09-05_18-50-29-300x200.jpg\" alt=\"\" width=\"481\" height=\"321\" srcset=\"https:\/\/qqavtojol.uz\/wp-content\/uploads\/2025\/09\/photo_2025-09-05_18-50-29-300x200.jpg 300w, https:\/\/qqavtojol.uz\/wp-content\/uploads\/2025\/09\/photo_2025-09-05_18-50-29-1024x682.jpg 1024w, https:\/\/qqavtojol.uz\/wp-content\/uploads\/2025\/09\/photo_2025-09-05_18-50-29-768x512.jpg 768w, https:\/\/qqavtojol.uz\/wp-content\/uploads\/2025\/09\/photo_2025-09-05_18-50-29.jpg 1280w\" sizes=\"auto, (max-width: 481px) 100vw, 481px\" \/><\/p>\n<p class=\"leading-8 font-normal\" style=\"text-align: center;\" data-pm-slice=\"1 1 []\">Kenjaliev Ernazar Abdiraman ul\u0131<\/p>\n<\/td>\n<td style=\"width: 32.6162%; height: 283px;\" colspan=\"2\">\n<p class=\"leading-8 font-normal\" style=\"text-align: center;\" data-pm-slice=\"1 1 []\">H\u00e1reket q\u00e1wipsizligin t\u00e1miynlew b\u00f3limi basl\u0131\u01f5\u0131<\/p>\n<\/td>\n<\/tr>\n<tr style=\"height: 37px;\">\n<td style=\"width: 25.2916%; height: 10px;\"><\/td>\n<td style=\"width: 7.32455%; height: 10px;\"><\/td>\n<\/tr>\n<tr style=\"height: 10px;\">\n<td style=\"width: 25.2916%; height: 10px;\"><\/td>\n<td style=\"width: 7.32455%; height: 10px;\"><\/td>\n<\/tr>\n<\/tbody>\n<\/table>\n<p><\/p>","protected":false},"excerpt":{"rendered":"<p>Kenjaliev Ernazar Abdiraman ul\u0131 H\u00e1reket q\u00e1wipsizligin t\u00e1miynlew b\u00f3limi basl\u0131\u01f5\u0131<\/p>\n","protected":false},"author":1,"featured_media":0,"parent":0,"menu_order":0,"comment_status":"closed","ping_status":"closed","template":"","meta":{"footnotes":""},"class_list":["post-136","page","type-page","status-publish","hentry"],"_links":{"self":[{"href":"https:\/\/qqavtojol.uz\/qq\/wp-json\/wp\/v2\/pages\/136","targetHints":{"allow":["GET"]}}],"collection":[{"href":"https:\/\/qqavtojol.uz\/qq\/wp-json\/wp\/v2\/pages"}],"about":[{"href":"https:\/\/qqavtojol.uz\/qq\/wp-json\/wp\/v2\/types\/page"}],"author":[{"embeddable":true,"href":"https:\/\/qqavtojol.uz\/qq\/wp-json\/wp\/v2\/users\/1"}],"replies":[{"embeddable":true,"href":"https:\/\/qqavtojol.uz\/qq\/wp-json\/wp\/v2\/comments?post=136"}],"version-history":[{"count":4,"href":"https:\/\/qqavtojol.uz\/qq\/wp-json\/wp\/v2\/pages\/136\/revisions"}],"predecessor-version":[{"id":884,"href":"https:\/\/qqavtojol.uz\/qq\/wp-json\/wp\/v2\/pages\/136\/revisions\/884"}],"wp:attachment":[{"href":"https:\/\/qqavtojol.uz\/qq\/wp-json\/wp\/v2\/media?parent=136"}],"curies":[{"name":"wp","href":"https:\/\/api.w.org\/{rel}","templated":true}]}}