{"id":134,"date":"2025-06-12T10:33:50","date_gmt":"2025-06-12T07:33:50","guid":{"rendered":"https:\/\/qqavtojol.uz\/?page_id=134"},"modified":"2025-09-05T16:26:03","modified_gmt":"2025-09-05T13:26:03","slug":"avtomobil-jollarinan-paydalaniw-ham-texnik-jagdayin-analiz-qiliw-transport-mexanizaciya-hamde-texnik-tamiynlew-sektori","status":"publish","type":"page","link":"https:\/\/qqavtojol.uz\/qq\/avtomobil-jollarinan-paydalaniw-ham-texnik-jagdayin-analiz-qiliw-transport-mexanizaciya-hamde-texnik-tamiynlew-sektori","title":{"rendered":"Avtomobil jollar\u0131nan paydalan\u0131w h\u00e1m texnik ja\u0123day\u0131n analiz q\u0131l\u0131w, transport mexanizaciya h\u00e1mde texnik t\u00e1miynlew sektor\u0131"},"content":{"rendered":"<p><\/p>\n<table style=\"height: 401px; width: 58.5807%; border-collapse: collapse;\" border=\"1\" cellspacing=\"1\" cellpadding=\"1\">\n<tbody>\n<tr style=\"height: 77px;\">\n<td style=\"width: 17.6684%; height: 303px;\" rowspan=\"3\"><img loading=\"lazy\" decoding=\"async\" class=\"size-medium wp-image-864 aligncenter\" src=\"https:\/\/qqavtojol.uz\/wp-content\/uploads\/2025\/09\/4266bcd6-d3e6-47f2-a8fb-a42f8adea951-224x300.png\" alt=\"\" width=\"224\" height=\"300\" srcset=\"https:\/\/qqavtojol.uz\/wp-content\/uploads\/2025\/09\/4266bcd6-d3e6-47f2-a8fb-a42f8adea951-224x300.png 224w, https:\/\/qqavtojol.uz\/wp-content\/uploads\/2025\/09\/4266bcd6-d3e6-47f2-a8fb-a42f8adea951.png 508w\" sizes=\"auto, (max-width: 224px) 100vw, 224px\" \/><\/p>\n<p class=\"leading-8 font-normal\" style=\"text-align: center;\" data-pm-slice=\"1 1 []\">Bayniyazov Islambek Malenbayovich<\/p>\n<\/td>\n<td style=\"width: 29.9059%; height: 283px;\" colspan=\"2\">\n<p class=\"leading-8 font-normal\" style=\"text-align: center;\" data-pm-slice=\"1 1 []\">Avtomobil jollar\u0131nan paydalan\u0131wd\u0131 h\u00e1m texnikal\u0131q ja\u01f5day\u0131n analiz q\u0131l\u0131w, transport, mexanizaciya h\u00e1m texnikal\u0131q t\u00e1miyinlew b\u00f3limi basl\u0131\u01f5\u0131<\/p>\n<\/td>\n<\/tr>\n<tr style=\"height: 37px;\">\n<td style=\"width: 29.1818%; height: 10px;\"><\/td>\n<td style=\"width: 0.724113%; height: 10px;\"><\/td>\n<\/tr>\n<tr style=\"height: 10px;\">\n<td style=\"width: 29.1818%; height: 10px;\"><\/td>\n<td style=\"width: 0.724113%; height: 10px;\"><\/td>\n<\/tr>\n<\/tbody>\n<\/table>\n<table style=\"height: 334px; width: 58.5083%; border-collapse: collapse;\" border=\"1\" cellspacing=\"1\" cellpadding=\"1\">\n<tbody>\n<tr style=\"height: 77px;\">\n<td style=\"width: 17.6855%; height: 303px;\" rowspan=\"3\"><img loading=\"lazy\" decoding=\"async\" class=\"alignnone size-medium wp-image-865 aligncenter\" src=\"https:\/\/qqavtojol.uz\/wp-content\/uploads\/2025\/09\/photo_2025-09-05_17-12-23-225x300.jpg\" alt=\"\" width=\"225\" height=\"300\" srcset=\"https:\/\/qqavtojol.uz\/wp-content\/uploads\/2025\/09\/photo_2025-09-05_17-12-23-225x300.jpg 225w, https:\/\/qqavtojol.uz\/wp-content\/uploads\/2025\/09\/photo_2025-09-05_17-12-23-768x1024.jpg 768w, https:\/\/qqavtojol.uz\/wp-content\/uploads\/2025\/09\/photo_2025-09-05_17-12-23.jpg 900w\" sizes=\"auto, (max-width: 225px) 100vw, 225px\" \/><\/p>\n<p class=\"leading-8 font-normal\" style=\"text-align: center;\" data-pm-slice=\"1 1 []\">Gaypova Jadra Tulegen qizi<\/p>\n<\/td>\n<td style=\"width: 29.8888%; height: 283px;\" colspan=\"2\">\n<p class=\"leading-8 font-normal\" style=\"text-align: center;\" data-pm-slice=\"1 1 []\">Avtomobil jollar\u0131nan paydalan\u0131w h\u00e1m texnikal\u0131q ja\u01f5day\u0131n analiz q\u0131l\u0131w, transport, mexanizaciya h\u00e1m texnikal\u0131q t\u00e1miyinlew sektor\u0131n\u0131\u0144 bas q\u00e1nigesi<\/p>\n<\/td>\n<\/tr>\n<tr style=\"height: 37px;\">\n<td style=\"width: 29.1647%; height: 10px;\"><\/td>\n<td style=\"width: 0.724113%; height: 10px;\"><\/td>\n<\/tr>\n<tr style=\"height: 10px;\">\n<td style=\"width: 29.1647%; height: 10px;\"><\/td>\n<td style=\"width: 0.724113%; height: 10px;\"><\/td>\n<\/tr>\n<\/tbody>\n<\/table>\n<table style=\"height: 384px; width: 58.3633%; border-collapse: collapse;\" border=\"1\" cellspacing=\"1\" cellpadding=\"1\">\n<tbody>\n<tr style=\"height: 77px;\">\n<td style=\"width: 18.133%; height: 339px;\" rowspan=\"3\"><img loading=\"lazy\" decoding=\"async\" class=\"alignnone size-medium wp-image-875 aligncenter\" src=\"https:\/\/qqavtojol.uz\/wp-content\/uploads\/2025\/09\/img_0838-225x300.jpg\" alt=\"\" width=\"225\" height=\"300\" srcset=\"https:\/\/qqavtojol.uz\/wp-content\/uploads\/2025\/09\/img_0838-225x300.jpg 225w, https:\/\/qqavtojol.uz\/wp-content\/uploads\/2025\/09\/img_0838-768x1024.jpg 768w, https:\/\/qqavtojol.uz\/wp-content\/uploads\/2025\/09\/img_0838.jpg 900w\" sizes=\"auto, (max-width: 225px) 100vw, 225px\" \/><\/p>\n<p class=\"leading-8 font-normal\" style=\"text-align: center;\" data-pm-slice=\"1 1 []\">Aldibaeva Asem Tabinbaevna<\/p>\n<\/td>\n<td style=\"width: 30.644%; height: 319px;\" colspan=\"2\">\n<p class=\"leading-8 font-normal\" style=\"text-align: center;\" data-pm-slice=\"1 1 []\">Avtomobil jollar\u0131nan paydalan\u0131w h\u00e1m texnikal\u0131q ja\u01f5day\u0131n analiz q\u0131l\u0131w, transport, mexanizaciya h\u00e1m texnikal\u0131q t\u00e1miyinlew sektor\u0131n\u0131\u0144 bas q\u00e1nigesi<\/p>\n<\/td>\n<\/tr>\n<tr style=\"height: 37px;\">\n<td style=\"width: 28.7172%; height: 10px;\"><\/td>\n<td style=\"width: 1.92678%; height: 10px;\"><\/td>\n<\/tr>\n<tr style=\"height: 10px;\">\n<td style=\"width: 28.7172%; height: 10px;\"><\/td>\n<td style=\"width: 1.92678%; height: 10px;\"><\/td>\n<\/tr>\n<\/tbody>\n<\/table>\n<p><\/p>","protected":false},"excerpt":{"rendered":"<p>Bayniyazov Islambek Malenbayovich Avtomobil jollar\u0131nan paydalan\u0131wd\u0131 h\u00e1m texnikal\u0131q ja\u01f5day\u0131n analiz q\u0131l\u0131w, transport, mexanizaciya h\u00e1m texnikal\u0131q t\u00e1miyinlew b\u00f3limi basl\u0131\u01f5\u0131 Gaypova Jadra [&hellip;]<\/p>\n","protected":false},"author":1,"featured_media":0,"parent":0,"menu_order":0,"comment_status":"closed","ping_status":"closed","template":"","meta":{"footnotes":""},"class_list":["post-134","page","type-page","status-publish","hentry"],"_links":{"self":[{"href":"https:\/\/qqavtojol.uz\/qq\/wp-json\/wp\/v2\/pages\/134","targetHints":{"allow":["GET"]}}],"collection":[{"href":"https:\/\/qqavtojol.uz\/qq\/wp-json\/wp\/v2\/pages"}],"about":[{"href":"https:\/\/qqavtojol.uz\/qq\/wp-json\/wp\/v2\/types\/page"}],"author":[{"embeddable":true,"href":"https:\/\/qqavtojol.uz\/qq\/wp-json\/wp\/v2\/users\/1"}],"replies":[{"embeddable":true,"href":"https:\/\/qqavtojol.uz\/qq\/wp-json\/wp\/v2\/comments?post=134"}],"version-history":[{"count":5,"href":"https:\/\/qqavtojol.uz\/qq\/wp-json\/wp\/v2\/pages\/134\/revisions"}],"predecessor-version":[{"id":877,"href":"https:\/\/qqavtojol.uz\/qq\/wp-json\/wp\/v2\/pages\/134\/revisions\/877"}],"wp:attachment":[{"href":"https:\/\/qqavtojol.uz\/qq\/wp-json\/wp\/v2\/media?parent=134"}],"curies":[{"name":"wp","href":"https:\/\/api.w.org\/{rel}","templated":true}]}}