{"id":100,"date":"2025-06-10T18:55:15","date_gmt":"2025-06-10T15:55:15","guid":{"rendered":"https:\/\/qqavtojol.uz\/?page_id=100"},"modified":"2025-09-05T17:57:33","modified_gmt":"2025-09-05T14:57:33","slug":"tiykar%c7%b5i-waziypalari-ham-funksiyalari","status":"publish","type":"page","link":"https:\/\/qqavtojol.uz\/qq\/tiykar%c7%b5i-waziypalari-ham-funksiyalari","title":{"rendered":"Tiykar\u01f5\u0131 waz\u0131ypalar\u0131 h\u00e1m funksiyalar\u0131"},"content":{"rendered":"<p><\/p>\n<p style=\"text-align: center;\">Bas basqarman\u0131\u0144 tiykar\u01f5\u0131 waz\u0131ypalar\u0131 h\u00e1m funkciyalar\u0131.<\/p>\n<p>Bas basqarman\u0131\u0144 tiykar\u01f5\u0131 waz\u0131ypalar\u0131:<\/p>\n<p>Qaraqalpaqstan Respublikas\u0131 ayma\u01f5\u0131nda avtomobil jollar\u0131 taraw\u0131nda Sh\u00f3lkemlestiriwshini\u0144 birden-bir texnikal\u0131q siyasat\u0131n al\u0131p bar\u0131w;<\/p>\n<p>Qaraqalpaqstan Respublikas\u0131nda\u01f5\u0131 avtomobil jollar\u0131n rawajland\u0131r\u0131w m\u00e1mleketlik ba\u01f5darlamalar\u0131n\u0131\u0144 joybarlar\u0131n islep sh\u0131\u01f5\u0131w h\u00e1m Sh\u00f3lkemlestiriwshige kirgiziw j\u00e1ne tast\u0131y\u0131qlan\u01f5an m\u00e1mleketlik ba\u01f5darlamalard\u0131 \u00e1melge as\u0131r\u0131w;<\/p>\n<p>Qaraqalpaqstan Respublikas\u0131nda\u01f5\u0131 avtomobil jollar\u0131 tarmaqlar\u0131n rawajland\u0131r\u0131w h\u00e1m jetilistiriw perspektivalar\u0131n belgilew boy\u0131nsha Sh\u00f3lkemlestiriwshige us\u0131n\u0131slar kirgiziw;<\/p>\n<p>Qaraqalpaqstan Respublikas\u0131 ayma\u01f5\u0131nan \u00f3tetu\u01f5\u0131n avtomobil jollar\u0131n\u0131\u0144 xal\u0131qaral\u0131q tranzit koridorlar\u0131n q\u00e1liplestiriw h\u00e1m rawajland\u0131r\u0131w boy\u0131nsha us\u0131n\u0131slar islep sh\u0131\u01f5\u0131w h\u00e1m Sh\u00f3lkemlestiriwshige kirgiziw;<\/p>\n<p>Zamanag\u00f3y transport a\u01f5\u0131m\u0131 sharayatlar\u0131nda avtomobil jollar\u0131nan paydalan\u0131wsh\u0131lard\u0131\u0144 m\u00e1plerin esapqa al\u0131p, avtomobil jollar\u0131nan paydalan\u0131w m\u00e1selelerini\u0144 kompleksli sheshiliwin t\u00e1miyinlew;<\/p>\n<p>Ul\u0131wma paydalan\u0131wda\u01f5\u0131 avtomobil jollar\u0131n saqlaw, a\u01f5\u0131mda\u01f5\u0131 o\u0144law, t\u00e1biy\u01f5\u0131y apach\u0131l\u0131q aq\u0131betlerin ald\u0131n al\u0131w h\u00e1m saplast\u0131r\u0131w j\u00e1ne \u00faskenelew (texnika, mashina-mexanizmler, texnologiyal\u0131q \u00faskenelerdi sat\u0131p al\u0131w) jum\u0131slar\u0131 boy\u0131nsha buy\u0131rtpash\u0131l\u0131q waz\u0131ypas\u0131n \u00e1melge as\u0131r\u0131w h\u00e1m sapas\u0131 \u00fastinen qada\u01f5alawd\u0131 al\u0131p bar\u0131w;<\/p>\n<p>xojal\u0131qlar aral\u0131q aw\u0131ll\u0131q avtomobil jollar\u0131n\u0131\u0144, qalalar, qala posyolkalar\u0131, aw\u0131llar h\u00e1m posyolkalar k\u00f3shelerin joybarlast\u0131r\u0131w, qur\u0131w, rekonstrukciyalaw h\u00e1m o\u0144law jum\u0131slar\u0131n muwap\u0131qlast\u0131r\u0131w;<\/p>\n<p>ilimiy-izertlew jum\u0131slar\u0131n sh\u00f3lkemlestiriw, avtomobil jollar\u0131n joybarlast\u0131r\u0131w, qur\u0131w, rekonstrukciyalaw, o\u0144law h\u00e1m saqlaw taraw\u0131nda innovaciyal\u0131q texnologiyalar h\u00e1m zamanag\u00f3y standartlard\u0131 engiziw;<\/p>\n<p>avtomobil jollar\u0131 taraw\u0131nda kadrlard\u0131 tayarlaw, qayta tayarlaw h\u00e1m olard\u0131\u0144 mamanl\u0131\u01f5\u0131n artt\u0131r\u0131wd\u0131, oq\u0131w-\u00e1meliyat kurslar\u0131 h\u00e1m seminarlard\u0131 sh\u00f3lkemlestiriw.<\/p>\n<p>Bas basqarma \u00f3zine j\u00faklengen waz\u0131ypalar\u01f5a muwap\u0131q t\u00f3mendegi Funkciyalard\u0131 \u00e1melge as\u0131rad\u0131:<\/p>\n<p>ul\u0131wma paydalan\u0131wda\u01f5\u0131 avtomobil jollar\u0131n a\u01f5\u0131mda\u01f5\u0131 o\u0144law h\u00e1m saqlaw ba\u01f5dar\u0131nda texnikal\u0131q jaqtan t\u00e1rtipke sal\u0131w taraw\u0131nda\u01f5\u0131 normativlik h\u00fajjetler talaplar\u0131na \u00e1mel etiliwin t\u00e1miyinlew;<\/p>\n<p>ul\u0131wma paydalan\u0131wda\u01f5\u0131 avtomobil jollar\u0131n o\u0144law h\u00e1m saqlawda uchastkalarda h\u00e1reket q\u00e1wipsizligin t\u00e1miyinlewge qarat\u0131l\u01f5an ilajlard\u0131 \u00e1melge as\u0131r\u0131w;<\/p>\n<p>jol h\u00e1reketi q\u00e1wipsizligin t\u00e1miyinlew maqsetinde avtotransport qurallar\u0131n\u0131\u0144 h\u00e1reketin waqt\u0131nsha sheklew yamasa toqtat\u0131wd\u0131 engiziw boy\u0131nsha tiyisli us\u0131n\u0131slar kirgiziw;<\/p>\n<p>Bas basqarma quram\u0131nda\u01f5\u0131 k\u00e1rxana h\u00e1m sh\u00f3lkemlerdegi mobilizaciyal\u0131q tayarl\u0131q boy\u0131nsha olard\u0131\u0144 jum\u0131s\u0131n qada\u01f5alaw h\u00e1m muwap\u0131qlast\u0131r\u0131w;<\/p>\n<p>ul\u0131wma paydalan\u0131wda\u01f5\u0131 avtomobil jollar\u0131 m\u00e1mleketlik kadastr\u0131n j\u00fargiziw;<\/p>\n<p>avtomobil jollar\u0131, qalalar h\u00e1m basqa da elatl\u0131 punktler k\u00f3shelerini\u0144 esab\u0131n j\u00fargiziw;<\/p>\n<p>avtomobil jollar\u0131n\u0131\u0144 texnikal\u0131q ja\u01f5day\u0131na qarap avtomobil jollar\u0131n qur\u0131w, rekonstrukciyalaw h\u00e1m o\u0144lawd\u0131\u0144 h\u00e1r j\u0131ll\u0131q ba\u01f5darlamalar\u0131n q\u00e1liplestiriw boy\u0131nsha Sh\u00f3lkemlestiriwshige us\u0131n\u0131slar kirgiziw h\u00e1m tast\u0131y\u0131qlan\u01f5an ba\u01f5darlamalard\u0131 \u00e1melge as\u0131r\u0131w;<\/p>","protected":false},"excerpt":{"rendered":"<p>Bas basqarman\u0131\u0144 tiykar\u01f5\u0131 waz\u0131ypalar\u0131 h\u00e1m funkciyalar\u0131. Bas basqarman\u0131\u0144 tiykar\u01f5\u0131 waz\u0131ypalar\u0131: Qaraqalpaqstan Respublikas\u0131 ayma\u01f5\u0131nda avtomobil jollar\u0131 taraw\u0131nda Sh\u00f3lkemlestiriwshini\u0144 birden-bir texnikal\u0131q siyasat\u0131n [&hellip;]<\/p>\n","protected":false},"author":1,"featured_media":0,"parent":0,"menu_order":0,"comment_status":"closed","ping_status":"closed","template":"","meta":{"footnotes":""},"class_list":["post-100","page","type-page","status-publish","hentry"],"_links":{"self":[{"href":"https:\/\/qqavtojol.uz\/qq\/wp-json\/wp\/v2\/pages\/100","targetHints":{"allow":["GET"]}}],"collection":[{"href":"https:\/\/qqavtojol.uz\/qq\/wp-json\/wp\/v2\/pages"}],"about":[{"href":"https:\/\/qqavtojol.uz\/qq\/wp-json\/wp\/v2\/types\/page"}],"author":[{"embeddable":true,"href":"https:\/\/qqavtojol.uz\/qq\/wp-json\/wp\/v2\/users\/1"}],"replies":[{"embeddable":true,"href":"https:\/\/qqavtojol.uz\/qq\/wp-json\/wp\/v2\/comments?post=100"}],"version-history":[{"count":2,"href":"https:\/\/qqavtojol.uz\/qq\/wp-json\/wp\/v2\/pages\/100\/revisions"}],"predecessor-version":[{"id":897,"href":"https:\/\/qqavtojol.uz\/qq\/wp-json\/wp\/v2\/pages\/100\/revisions\/897"}],"wp:attachment":[{"href":"https:\/\/qqavtojol.uz\/qq\/wp-json\/wp\/v2\/media?parent=100"}],"curies":[{"name":"wp","href":"https:\/\/api.w.org\/{rel}","templated":true}]}}